{"id":2,"date":"2015-03-18T11:51:06","date_gmt":"2015-03-18T11:51:06","guid":{"rendered":"http:\/\/arquivo.iec.gov.br\/?page_id=2"},"modified":"2017-10-30T17:06:21","modified_gmt":"2017-10-30T17:06:21","slug":"pagina-apresentacao","status":"publish","type":"page","link":"https:\/\/arquivo.iec.gov.br\/","title":{"rendered":"O Arquivo do Instituto Evandro Chagas"},"content":{"rendered":"<p><a href=\"https:\/\/arquivo.iec.gov.br\/wp-content\/uploads\/2015\/05\/projeto_grafico_arquivo_final.png\"><img loading=\"lazy\" class=\"alignleft wp-image-307\" src=\"https:\/\/arquivo.iec.gov.br\/wp-content\/uploads\/2015\/05\/projeto_grafico_arquivo_final.png\" alt=\"projeto_grafico_arquivo_final\" width=\"400\" height=\"270\" srcset=\"https:\/\/arquivo.iec.gov.br\/wp-content\/uploads\/2015\/05\/projeto_grafico_arquivo_final.png 499w, https:\/\/arquivo.iec.gov.br\/wp-content\/uploads\/2015\/05\/projeto_grafico_arquivo_final-300x203.png 300w\" sizes=\"(max-width: 400px) 100vw, 400px\" \/><\/a>O Instituto Evandro Chagas, em cumprimento a <a href=\"http:\/\/www.planalto.gov.br\/ccivil_03\/leis\/L8159.htm\" target=\"_blank\" rel=\"noopener\">lei 8.159<\/a> de 8 de janeiro de 1991 que <em>disp\u00f5e sobre a pol\u00edtica nacional de arquivos p\u00fablicos e privados<\/em> e o <a href=\"http:\/\/www.planalto.gov.br\/ccivil_03\/decreto\/2003\/d4915.htm\" target=\"_blank\" rel=\"noopener\">Decreto N\u00ba 4.915<\/a>, de 12 de dezembro de 2003, <em>que organiza sob a forma de sistema, as atividades de gest\u00e3o de documentos no \u00e2mbito dos \u00f3rg\u00e3os e entidades da administra\u00e7\u00e3o p\u00fablica federal<\/em>; desenvolveu estruturas internas para estrutura\u00e7\u00e3o deste servi\u00e7o.<\/p>\n<p>O Setor de Arquivo \u2013 SEARQ, vinculado ao Servi\u00e7o de Administra\u00e7\u00e3o &#8211; SEADM, foi criado para atender as premissas da pol\u00edtica de gest\u00e3o arquiv\u00edstica de documentos vinculada a preserva\u00e7\u00e3o da mem\u00f3ria institucional. Para isso conta com uma equipe de especialistas e t\u00e9cnicos distribu\u00eddos em sua estrutura.<\/p>\n<p>Os projetos desenvolvidos para cria\u00e7\u00e3o do Arquivo fomentam o uso de metodologias e tecnologias para coordena\u00e7\u00e3o e promo\u00e7\u00e3o de a\u00e7\u00f5es integradas necess\u00e1rias \u00e0 gest\u00e3o, manuten\u00e7\u00e3o e dissemina\u00e7\u00e3o dos documentos a servi\u00e7o da Administra\u00e7\u00e3o e da hist\u00f3ria do Instituto.<\/p>\n<p>O papel do Arquivo \u00e9 dar acesso aos acervos arquiv\u00edsticos de modo que permita aos servidores, estudantes, pesquisadores da sa\u00fade e cidad\u00e3os comuns conhecerem por meio dos registros documentais a hist\u00f3ria institucional e grandes nomes de pesquisadores que contribu\u00edram para o desenvolvimento da sa\u00fade na Amaz\u00f4nia e os que participaram na formula\u00e7\u00e3o de pol\u00edticas p\u00fablicas de sa\u00fade expressando sua relev\u00e2ncia para a humanidade.<\/p>\n","protected":false},"excerpt":{"rendered":"<p>O Instituto Evandro Chagas, em cumprimento a lei 8.159 de 8 de janeiro de 1991 que disp\u00f5e sobre a pol\u00edtica nacional de arquivos p\u00fablicos e privados e o Decreto N\u00ba 4.915, de 12 de dezembro de 2003, que organiza sob a forma de sistema, as atividades de gest\u00e3o de documentos no \u00e2mbito dos \u00f3rg\u00e3os e [&hellip;]<\/p>\n","protected":false},"author":1,"featured_media":0,"parent":0,"menu_order":0,"comment_status":"closed","ping_status":"closed","template":"page-templates\/front-page.php","meta":[],"_links":{"self":[{"href":"https:\/\/arquivo.iec.gov.br\/index.php?rest_route=\/wp\/v2\/pages\/2"}],"collection":[{"href":"https:\/\/arquivo.iec.gov.br\/index.php?rest_route=\/wp\/v2\/pages"}],"about":[{"href":"https:\/\/arquivo.iec.gov.br\/index.php?rest_route=\/wp\/v2\/types\/page"}],"author":[{"embeddable":true,"href":"https:\/\/arquivo.iec.gov.br\/index.php?rest_route=\/wp\/v2\/users\/1"}],"replies":[{"embeddable":true,"href":"https:\/\/arquivo.iec.gov.br\/index.php?rest_route=%2Fwp%2Fv2%2Fcomments&post=2"}],"version-history":[{"count":16,"href":"https:\/\/arquivo.iec.gov.br\/index.php?rest_route=\/wp\/v2\/pages\/2\/revisions"}],"predecessor-version":[{"id":484,"href":"https:\/\/arquivo.iec.gov.br\/index.php?rest_route=\/wp\/v2\/pages\/2\/revisions\/484"}],"wp:attachment":[{"href":"https:\/\/arquivo.iec.gov.br\/index.php?rest_route=%2Fwp%2Fv2%2Fmedia&parent=2"}],"curies":[{"name":"wp","href":"https:\/\/api.w.org\/{rel}","templated":true}]}}